{"id":480,"date":"2020-10-16T06:49:21","date_gmt":"2020-10-16T06:49:21","guid":{"rendered":"http:\/\/www.fri-el.ro\/privacy-policy\/"},"modified":"2020-12-02T08:40:19","modified_gmt":"2020-12-02T08:40:19","slug":"politica-sulla-riservatezza","status":"publish","type":"page","link":"https:\/\/www.fri-el.ro\/it\/politica-sulla-riservatezza\/","title":{"rendered":"Politica sulla riservatezza"},"content":{"rendered":"\n<p>Ultima actualizare: 25 noiembrie 2020<\/p>\n\n\n\n<p>Aceast\u0103 Politic\u0103 de confiden\u021bialitate descrie politicile \u0219i procedurile noastre privind colectarea, utilizarea \u0219i dezv\u0103luirea informa\u021biilor dvs. atunci c\u00e2nd utiliza\u021bi Serviciul \u0219i v\u0103 informeaz\u0103 despre drepturile dvs. de confiden\u021bialitate \u0219i despre modul \u00een care legea v\u0103 protejeaz\u0103.<\/p>\n\n\n\n<p>Folosim datele dvs. personale pentru a furniza \u0219i \u00eembun\u0103t\u0103\u021bi Serviciul. Prin utilizarea Serviciului, sunte\u021bi de acord cu colectarea \u0219i utilizarea informa\u021biilor \u00een conformitate cu aceast\u0103 Politic\u0103 de confiden\u021bialitate.<\/p>\n\n\n\n<p><strong>Interpretare \u0219i defini\u021bii<\/strong><br><strong>Interpretare<\/strong><br>Cuvintele ale c\u0103ror litere ini\u021biale sunt majusculate au semnifica\u021bii definite \u00een urm\u0103toarele condi\u021bii. Urm\u0103toarele defini\u021bii au acela\u0219i sens, indiferent dac\u0103 apar \u00een singular sau \u00een plural.<\/p>\n\n\n\n<p><strong>Defini\u021bii<\/strong><br>\u00cen sensul prezentei politici de confiden\u021bialitate:<\/p>\n\n\n\n<p>V\u0103 referi\u021bi la persoana care acceseaz\u0103 sau utilizeaz\u0103 Serviciul, sau compania sau orice alt\u0103 persoan\u0103 juridic\u0103 \u00een numele c\u0103reia acceseaz\u0103 sau utilizeaz\u0103 acest serviciu, dup\u0103 caz.<\/p>\n\n\n\n<p><br><strong>Compania<\/strong>&nbsp;(denumit\u0103 fie \u201eCompania\u201d, \u201eNoi\u201d, \u201eNoi\u201d sau \u201eNo\u0219tri\u201d din prezentul Acord) se refer\u0103 la Fri-El Buildings RO, 1-3, str. Loichita Vasile, Timi\u0219oara<\/p>\n\n\n\n<p><br><strong>Afiliat<\/strong>&nbsp;\u00eenseamn\u0103 o entitate care controleaz\u0103, este controlat\u0103 de sau este sub control comun cu o parte, \u00een cazul \u00een care \u201econtrol\u201d \u00eenseamn\u0103 de\u021binerea a 50% sau mai mult din ac\u021biuni, dob\u00e2nd\u0103 de capital sau alte titluri cu drept de vot pentru alegerea directorilor sau a altei autorit\u0103\u021bi de gestionare.<\/p>\n\n\n\n<p><br><strong>Website-ul&nbsp;<\/strong>se refer\u0103 la Ateneo, accesibil de pe www.ateneo.ro<br><strong>Serviciul<\/strong>&nbsp;se refer\u0103 la site-ul Web.<br><strong>\u021aara<\/strong>&nbsp;se refer\u0103 la: Rom\u00e2nia<br><strong>Furnizor de servicii<\/strong>&nbsp;\u00eenseamn\u0103 orice persoan\u0103 fizic\u0103 sau juridic\u0103 care prelucreaz\u0103 datele \u00een numele Companiei. Se refer\u0103 la companii ter\u021be sau persoane angajate de companie pentru a facilita Serviciul, pentru a furniza Serviciul \u00een numele Companiei, pentru a efectua servicii legate de Serviciu sau pentru a ajuta Compania \u00een analizarea modului \u00een care este utilizat Serviciul.<br><strong>Serviciul Social Media<\/strong>&nbsp;se refer\u0103 la orice site web sau la orice site de re\u021bea social\u0103 prin care un Utilizator se poate autentifica sau crea un cont pentru a utiliza Serviciul.<br><strong>Datele cu caracter personal<\/strong>&nbsp;sunt orice informa\u021bii care se refer\u0103 la o persoan\u0103 identificat\u0103 sau identificabil\u0103.<br><strong>Cookie-urile<\/strong>&nbsp;sunt fi\u0219iere mici care sunt plasate pe computerul dvs., dispozitivul mobil sau orice alt dispozitiv de c\u0103tre un site web, care con\u021bin detaliile din istoricul dvs. de navigare pe site-ul web printre numeroasele sale utiliz\u0103ri.<br><strong>Dispozitiv<\/strong>&nbsp;\u00eenseamn\u0103 orice dispozitiv care poate accesa Serviciul, cum ar fi un computer, un telefon mobil sau o tablet\u0103 digital\u0103.<br><strong>Datele de utilizare<\/strong>&nbsp;se refer\u0103 la datele colectate automat, fie generate de utilizarea Serviciului, fie de la infrastructura Serviciului \u00een sine (de exemplu, durata unei vizite a paginii).&nbsp;<strong>Colectarea \u0219i utilizarea datelor dvs. personale<\/strong><\/p>\n\n\n\n<p>Tipuri de date colectate<\/p>\n\n\n\n<ul><li>Date personale<\/li><\/ul>\n\n\n\n<p>\u00cen timp ce utiliza\u021bi Serviciul nostru, v\u0103 putem solicita s\u0103 ne furniza\u021bi anumite informa\u021bii de identificare personal\u0103 care pot fi utilizate pentru a v\u0103 contacta sau identifica. Informa\u021biile de identificare personal\u0103 pot include, dar nu se limiteaz\u0103 la:<\/p>\n\n\n\n<ul><li>Adresa de email<\/li><li>Nume \u0219i prenume<\/li><li>Numar de telefon<\/li><li>Date de utilizare<\/li><li>Date de utilizare<\/li><li>Datele de utilizare sunt colectate automat la utilizarea serviciului.<\/li><\/ul>\n\n\n\n<p>Datele de utilizare pot include informa\u021bii precum adresa de protocol a dispozitivului dvs. Internet (de exemplu, adresa IP), tipul browserului, versiunea browserului, paginile serviciului nostru pe care \u00eel vizita\u021bi, ora \u0219i data vizitei dvs., timpul petrecut \u00een paginile respective, dispozitivul unic identificatori \u0219i alte date de diagnostic.<\/p>\n\n\n\n<p>C\u00e2nd accesa\u021bi Serviciul prin sau printr-un dispozitiv mobil, Este posibil s\u0103 colect\u0103m anumite informa\u021bii \u00een mod automat, inclusiv, dar f\u0103r\u0103 a se limita la, tipul de dispozitiv mobil pe care \u00eel utiliza\u021bi, ID-ul dvs. unic al dispozitivului mobil, adresa IP a dispozitivului dvs. mobil, mobilul dvs. sistem de operare, tipul de browser de internet mobil pe care \u00eel utiliza\u021bi, identificatori de dispozitiv unici \u0219i alte date de diagnostic.<\/p>\n\n\n\n<p>De asemenea, putem colecta informa\u021biile pe care browserul dvs. le trimite de fiecare dat\u0103 c\u00e2nd vizita\u021bi Serviciul nostru sau c\u00e2nd accesa\u021bi Serviciul prin sau printr-un dispozitiv mobil.<\/p>\n\n\n\n<p><strong>Urm\u0103rirea tehnologiilor \u0219i cookie-urilor<\/strong><br>Folosim Cookie-uri \u0219i tehnologii de urm\u0103rire similare pentru a urm\u0103ri activitatea pe Serviciul nostru \u0219i pentru a stoca anumite informa\u021bii. Tehnologiile de urm\u0103rire utilizate sunt balize, etichete \u0219i scripturi pentru colectarea \u0219i urm\u0103rirea informa\u021biilor \u0219i pentru \u00eembun\u0103t\u0103\u021birea \u0219i analizarea serviciului nostru.<\/p>\n\n\n\n<p>Pute\u021bi instrui browser-ul dvs. s\u0103 refuze toate cookie-urile sau s\u0103 indice c\u00e2nd este trimis un Cookie. Cu toate acestea, dac\u0103 nu accepta\u021bi Cookie-uri, este posibil s\u0103 nu pute\u021bi utiliza unele p\u0103r\u021bi ale Serviciului nostru.<\/p>\n\n\n\n<p>Cookie-urile pot fi cookie-uri \u201epersistente\u201d sau \u201esesiuni\u201d. Cookie-urile persistente r\u0103m\u00e2n pe computerul personal sau pe dispozitivul dvs. mobil atunci c\u00e2nd pleca\u021bi offline, \u00een timp ce Cookie-urile de sesiune sunt \u0219terse imediat ce \u00eenchide\u021bi browserul web. Afla\u021bi mai multe despre cookie-uri: Totul despre cookie-uri.<\/p>\n\n\n\n<p>Folosim at\u00e2t cookie-uri de sesiune, c\u00e2t \u0219i persistente \u00een scopurile prezentate mai jos:<\/p>\n\n\n\n<p>Cookie-uri necesare \/ esen\u021biale Tipul: Cookie-urile de sesiune Administrate de: UsPurpose: Aceste Cookie-uri sunt esen\u021biale pentru a v\u0103 oferi serviciile disponibile prin intermediul site-ului Web \u0219i pentru a v\u0103 permite s\u0103 utiliza\u021bi unele dintre func\u021biile sale. F\u0103r\u0103 aceste cookie-uri, serviciile pe care le-a\u021bi solicitat nu pot fi furnizate \u0219i noi folosim aceste cookie-uri doar pentru a v\u0103 oferi aceste servicii.<\/p>\n\n\n\n<p><br>Cookie-uri de func\u021bionalitate<\/p>\n\n\n\n<p>Tipul: Cookie-uri persistente. Aceste Cookie ne permit s\u0103 ne amintim alegerile pe care le face\u021bi atunci c\u00e2nd utiliza\u021bi site-ul Web, cum ar fi amintirea detaliilor de autentificare sau a preferin\u021belor de limb\u0103. Scopul acestor Cookie este de a v\u0103 oferi o experien\u021b\u0103 mai personal\u0103 \u0219i de a evita s\u0103 fi\u021bi nevoit s\u0103 re-introduce\u021bi preferin\u021bele de fiecare dat\u0103 c\u00e2nd utiliza\u021bi site-ul.<br>Pentru mai multe informa\u021bii despre cookie-urile pe care le utiliz\u0103m \u0219i despre alegerile dvs. cu privire la cookie-uri, v\u0103 rug\u0103m s\u0103 vizita\u021bi Politica noastr\u0103 privind cookie-urile sau sec\u021biunea Cookies din Politica noastr\u0103 de confiden\u021bialitate.<\/p>\n\n\n\n<p><strong>Utilizarea datelor dvs. personale<\/strong><br>Compania poate utiliza Datele cu caracter personal \u00een urm\u0103toarele scopuri:<\/p>\n\n\n\n<p>Pentru a furniza \u0219i men\u021bine serviciul nostru, inclusiv pentru a monitoriza utilizarea serviciului nostru.<br>Pentru a v\u0103 gestiona contul: pentru a v\u0103 gestiona \u00eenregistrarea ca utilizator al Serviciului. Datele personale pe care le furniza\u021bi v\u0103 pot oferi acces la diferite func\u021bionalit\u0103\u021bi ale Serviciului care v\u0103 sunt disponibile ca utilizator \u00eenregistrat.<br>Pentru executarea unui contract: elaborarea, respectarea \u0219i asumarea contractului de achizi\u021bie pentru produsele, articolele sau serviciile pe care le-a\u021bi cump\u0103rat sau pentru orice alt contract cu noi prin intermediul serviciului.<br>Pentru a v\u0103 contacta: Pentru a v\u0103 contacta prin e-mail, apeluri telefonice, SMS sau alte forme echivalente de comunicare electronic\u0103, cum ar fi notific\u0103rile push ale unei aplica\u021bii mobile cu privire la actualiz\u0103ri sau comunic\u0103ri informative legate de func\u021bionalit\u0103\u021bile, produsele sau serviciile contractate, inclusiv actualiz\u0103rile de securitate, atunci c\u00e2nd este necesar sau rezonabil pentru implementarea lor.<br>Pentru a v\u0103 oferi nout\u0103\u021bi, oferte speciale \u0219i informa\u021bii generale despre alte bunuri, servicii \u0219i evenimente pe care le oferim, care sunt similare cu cele pe care le-a\u021bi cump\u0103rat sau a\u021bi \u00eentrebat deja, cu excep\u021bia cazului \u00een care a\u021bi optat pentru a nu primi astfel de informa\u021bii.<br>Pentru a gestiona solicit\u0103rile dvs.: Pentru a participa \u0219i gestiona cererile dvs. c\u0103tre noi.<br>Putem \u00eemp\u0103rt\u0103\u0219i informa\u021biile dvs. personale \u00een urm\u0103toarele situa\u021bii:<\/p>\n\n\n\n<p>Cu furnizorii de servicii: putem \u00eemp\u0103rt\u0103\u0219i informa\u021biile dvs. personale cu furnizorii de servicii pentru a monitoriza \u0219i analiza utilizarea serviciului nostru, pentru a v\u0103 contacta.<br>Pentru transferuri de afaceri: putem \u00eemp\u0103rt\u0103\u0219i sau transfera informa\u021biile dvs. personale \u00een leg\u0103tur\u0103 cu sau \u00een timpul negocierilor cu privire la orice fuziune, v\u00e2nzare de active ale companiei, finan\u021bare sau achizi\u021bie a \u00eentregii sau a unei p\u0103r\u021bi din afacerea noastr\u0103 c\u0103tre o alt\u0103 companie.<br>Cu afilia\u021bii: putem \u00eemp\u0103rt\u0103\u0219i informa\u021biile dvs. cu afilia\u021bii no\u0219tri, caz \u00een care vom solicita acelor afilia\u021bi s\u0103 onoreze aceast\u0103 politic\u0103 de confiden\u021bialitate. Filialele includ compania noastr\u0103 mam\u0103 \u0219i orice alte filiale, parteneri de asociere \u00een comun sau alte companii pe care le control\u0103m sau care sunt sub control comun cu noi.<br>Cu partenerii de afaceri: putem \u00eemp\u0103rt\u0103\u0219i informa\u021biile dvs. cu partenerii no\u0219tri de afaceri pentru a v\u0103 oferi anumite produse, servicii sau promo\u021bii.<br>Cu al\u021bi utilizatori: c\u00e2nd \u00eemp\u0103rt\u0103\u0219i\u021bi informa\u021bii personale sau altfel interac\u021biona\u021bi \u00een zonele publice cu al\u021bi utilizatori, aceste informa\u021bii pot fi vizualizate de to\u021bi utilizatorii \u0219i pot fi distribuite public \u00een exterior. Dac\u0103 interac\u021biona\u021bi cu al\u021bi utilizatori sau v\u0103 \u00eenregistra\u021bi printr-un serviciu de socializare ter\u021b\u0103 parte, contactele dvs. de pe Serviciul de socializare ter\u021b\u0103 parte pot vedea numele, profilul, imaginile \u0219i descrierea activit\u0103\u021bii dvs. \u00cen mod similar, al\u021bi utilizatori vor putea vedea descrierile activit\u0103\u021bii Dvs., vor comunica cu Dvs. \u0219i vor vizualiza profilul dvs.<\/p>\n\n\n\n<p><br><strong>P\u0103strarea datelor dvs. personale<\/strong><br>Compania va p\u0103stra Datele dvs. cu caracter personal numai at\u00e2t timp c\u00e2t este necesar pentru scopurile prev\u0103zute \u00een aceast\u0103 Politic\u0103 de confiden\u021bialitate. Vom p\u0103stra \u0219i folosi datele dvs. personale \u00een m\u0103sura necesar\u0103 pentru a respecta obliga\u021biile noastre legale (de exemplu, dac\u0103 ni se solicit\u0103 s\u0103 v\u0103 p\u0103str\u0103m datele pentru a respecta legile aplicabile), vom rezolva litigiile \u0219i vom aplica acordurile \u0219i politicile noastre legale.<\/p>\n\n\n\n<p>De asemenea, Compania va p\u0103stra Datele de utilizare \u00een scopuri de analiz\u0103 intern\u0103. Datele de utilizare sunt, \u00een general, p\u0103strate pentru o perioad\u0103 mai scurt\u0103 de timp, cu excep\u021bia cazului \u00een care aceste date sunt utilizate pentru a consolida securitatea sau pentru a \u00eembun\u0103t\u0103\u021bi func\u021bionalitatea Serviciului nostru, sau suntem obliga\u021bi legal s\u0103 p\u0103str\u0103m aceste date pentru perioade mai lungi de timp.<\/p>\n\n\n\n<p><strong>Transferul datelor dvs. personale<\/strong><br>Informa\u021biile dvs., inclusiv datele cu caracter personal, sunt prelucrate la birourile de operare ale companiei \u0219i \u00een orice alte locuri unde se afl\u0103 p\u0103r\u021bile implicate \u00een procesare. \u00censeamn\u0103 c\u0103 aceste informa\u021bii pot fi transferate \u0219i men\u021binute pe computere situate \u00een afara statului dvs., provinciei, \u021b\u0103rii sau altei jurisdic\u021bii guvernamentale \u00een care legile privind protec\u021bia datelor pot diferi de cele din jurisdic\u021bia dvs.<\/p>\n\n\n\n<p>Consim\u021b\u0103m\u00e2ntul dvs. pentru aceast\u0103 politic\u0103 de confiden\u021bialitate, urmat de transmiterea informa\u021biilor dvs. reprezint\u0103 acordul dvs. pentru transferul respectiv.<\/p>\n\n\n\n<p>Compania va lua toate m\u0103surile \u00een mod rezonabil pentru a v\u0103 asigura c\u0103 datele dvs. sunt tratate \u00een siguran\u021b\u0103 \u0219i \u00een conformitate cu aceast\u0103 politic\u0103 de confiden\u021bialitate \u0219i nici un transfer de date personale nu va avea loc c\u0103tre o organiza\u021bie sau o \u021bar\u0103, cu excep\u021bia cazului \u00een care exist\u0103 controale adecvate \u00een vigoare, inclusiv securitatea datelor dvs. \u0219i a altor informa\u021bii personale.<\/p>\n\n\n\n<p><strong>Dezv\u0103luirea datelor dvs. personale<\/strong><br>Tranzac\u021bii de afaceri<br>Dac\u0103 Compania este implicat\u0103 \u00eentr-o fuziune, achizi\u021bie sau v\u00e2nzare de active, Datele dvs. personale pot fi transferate. Vom oferi o notificare \u00eenainte ca datele dvs. personale s\u0103 fie transferate \u0219i s\u0103 fac\u0103 obiectul unei alte politici de confiden\u021bialitate.<\/p>\n\n\n\n<p><strong>Aplicarea legii<\/strong><br>\u00cen anumite circumstan\u021be, Compania poate fi solicitat\u0103 s\u0103 dezv\u0103luie datele dvs. cu caracter personal, dac\u0103 este necesar\u0103 \u00een acest sens prin lege sau ca r\u0103spuns la solicit\u0103rile valabile ale autorit\u0103\u021bilor publice (de exemplu, o instan\u021b\u0103 sau o agen\u021bie guvernamental\u0103).<\/p>\n\n\n\n<p><strong>Alte cerin\u021be legale<\/strong><br>Compania poate dezv\u0103lui Datele dvs. personale \u00een credin\u021ba de bun\u0103 credin\u021b\u0103 c\u0103 o astfel de ac\u021biune este necesar\u0103 pentru:<\/p>\n\n\n\n<p><strong>Linkuri c\u0103tre alte site-uri web<\/strong><br>Serviciul nostru poate con\u021bine leg\u0103turi c\u0103tre alte site-uri web care nu sunt operate de noi. Dac\u0103 face\u021bi clic pe un link ter\u021b, ve\u021bi fi direc\u021bionat c\u0103tre site-ul ter\u021bului. V\u0103 sf\u0103tuim s\u0103 consulta\u021bi Politica de confiden\u021bialitate a fiec\u0103rui site pe care \u00eel vizita\u021bi.<\/p>\n\n\n\n<p>Nu avem niciun control \u0219i nu ne asum\u0103m nici o responsabilitate pentru con\u021binutul, politicile de confiden\u021bialitate sau practicile site-urilor sau serviciilor ter\u021bilor.<\/p>\n\n\n\n<p><strong>Modific\u0103ri ale acestei politici de confiden\u021bialitate<\/strong><br>Este posibil s\u0103 ne actualiz\u0103m Politica de confiden\u021bialitate din c\u00e2nd \u00een c\u00e2nd. V\u0103 vom anun\u021ba orice modific\u0103ri prin publicarea noii Politici de confiden\u021bialitate pe aceast\u0103 pagin\u0103.<\/p>\n\n\n\n<p>V\u0103 vom anun\u021ba prin e-mail \u0219i \/ sau o notificare proeminent\u0103 pe Serviciul nostru, \u00eenainte ca schimbarea s\u0103 devin\u0103 efectiv\u0103 \u0219i s\u0103 actualiz\u0103m data \u201eUltima actualizare\u201d din partea de sus a acestei Politici de confiden\u021bialitate.<\/p>\n\n\n\n<p>Vi se recomand\u0103 s\u0103 consulta\u021bi periodic aceast\u0103 Politic\u0103 de confiden\u021bialitate pentru orice modific\u0103ri. Modific\u0103rile aduse acestei politici de confiden\u021bialitate sunt eficiente atunci c\u00e2nd sunt postate pe aceast\u0103 pagin\u0103.<\/p>\n\n\n\n<p>Pentru mai multe informa\u021bii, ne pute\u021bi contacta la Email: office@fri-el.ro<\/p>\n","protected":false},"excerpt":{"rendered":"<p>Ultima actualizare: 25 noiembrie 2020 Aceast\u0103 Politic\u0103 de confiden\u021bialitate descrie politicile \u0219i procedurile noastre privind colectarea, utilizarea \u0219i dezv\u0103luirea informa\u021biilor dvs. atunci c\u00e2nd utiliza\u021bi Serviciul \u0219i v\u0103 informeaz\u0103 despre drepturile dvs. de confiden\u021bialitate \u0219i despre modul \u00een care legea v\u0103 protejeaz\u0103. Folosim datele dvs. personale pentru a furniza \u0219i \u00eembun\u0103t\u0103\u021bi Serviciul. Prin utilizarea Serviciului, sunte\u021bi [&hellip;]<\/p>\n","protected":false},"author":1,"featured_media":0,"parent":0,"menu_order":0,"comment_status":"closed","ping_status":"open","template":"","meta":{"inline_featured_image":false},"acf":[],"yoast_head":"<!-- This site is optimized with the Yoast SEO plugin v19.14 - https:\/\/yoast.com\/wordpress\/plugins\/seo\/ -->\n<title>Politica sulla riservatezza - Fri-El<\/title>\n<meta name=\"robots\" content=\"index, follow, max-snippet:-1, max-image-preview:large, max-video-preview:-1\" \/>\n<link rel=\"canonical\" href=\"https:\/\/www.fri-el.ro\/it\/politica-sulla-riservatezza\/\" \/>\n<meta property=\"og:locale\" content=\"it_IT\" \/>\n<meta property=\"og:type\" content=\"article\" \/>\n<meta property=\"og:title\" content=\"Politica sulla riservatezza - Fri-El\" \/>\n<meta property=\"og:description\" content=\"Ultima actualizare: 25 noiembrie 2020 Aceast\u0103 Politic\u0103 de confiden\u021bialitate descrie politicile \u0219i procedurile noastre privind colectarea, utilizarea \u0219i dezv\u0103luirea informa\u021biilor dvs. atunci c\u00e2nd utiliza\u021bi Serviciul \u0219i v\u0103 informeaz\u0103 despre drepturile dvs. de confiden\u021bialitate \u0219i despre modul \u00een care legea v\u0103 protejeaz\u0103. Folosim datele dvs. personale pentru a furniza \u0219i \u00eembun\u0103t\u0103\u021bi Serviciul. Prin utilizarea Serviciului, sunte\u021bi [&hellip;]\" \/>\n<meta property=\"og:url\" content=\"https:\/\/www.fri-el.ro\/it\/politica-sulla-riservatezza\/\" \/>\n<meta property=\"og:site_name\" content=\"Fri-El\" \/>\n<meta property=\"article:modified_time\" content=\"2020-12-02T08:40:19+00:00\" \/>\n<meta name=\"twitter:card\" content=\"summary_large_image\" \/>\n<meta name=\"twitter:label1\" content=\"Tempo di lettura stimato\" \/>\n\t<meta name=\"twitter:data1\" content=\"11 minuti\" \/>\n<script type=\"application\/ld+json\" class=\"yoast-schema-graph\">{\"@context\":\"https:\/\/schema.org\",\"@graph\":[{\"@type\":\"WebPage\",\"@id\":\"https:\/\/www.fri-el.ro\/it\/politica-sulla-riservatezza\/\",\"url\":\"https:\/\/www.fri-el.ro\/it\/politica-sulla-riservatezza\/\",\"name\":\"Politica sulla riservatezza - Fri-El\",\"isPartOf\":{\"@id\":\"https:\/\/www.fri-el.ro\/#website\"},\"datePublished\":\"2020-10-16T06:49:21+00:00\",\"dateModified\":\"2020-12-02T08:40:19+00:00\",\"breadcrumb\":{\"@id\":\"https:\/\/www.fri-el.ro\/it\/politica-sulla-riservatezza\/#breadcrumb\"},\"inLanguage\":\"it-IT\",\"potentialAction\":[{\"@type\":\"ReadAction\",\"target\":[\"https:\/\/www.fri-el.ro\/it\/politica-sulla-riservatezza\/\"]}]},{\"@type\":\"BreadcrumbList\",\"@id\":\"https:\/\/www.fri-el.ro\/it\/politica-sulla-riservatezza\/#breadcrumb\",\"itemListElement\":[{\"@type\":\"ListItem\",\"position\":1,\"name\":\"Home\",\"item\":\"https:\/\/www.fri-el.ro\/it\/\"},{\"@type\":\"ListItem\",\"position\":2,\"name\":\"Politica sulla riservatezza\"}]},{\"@type\":\"WebSite\",\"@id\":\"https:\/\/www.fri-el.ro\/#website\",\"url\":\"https:\/\/www.fri-el.ro\/\",\"name\":\"Fri-El\",\"description\":\"Just another WordPress site\",\"potentialAction\":[{\"@type\":\"SearchAction\",\"target\":{\"@type\":\"EntryPoint\",\"urlTemplate\":\"https:\/\/www.fri-el.ro\/?s={search_term_string}\"},\"query-input\":\"required name=search_term_string\"}],\"inLanguage\":\"it-IT\"}]}<\/script>\n<!-- \/ Yoast SEO plugin. -->","yoast_head_json":{"title":"Politica sulla riservatezza - Fri-El","robots":{"index":"index","follow":"follow","max-snippet":"max-snippet:-1","max-image-preview":"max-image-preview:large","max-video-preview":"max-video-preview:-1"},"canonical":"https:\/\/www.fri-el.ro\/it\/politica-sulla-riservatezza\/","og_locale":"it_IT","og_type":"article","og_title":"Politica sulla riservatezza - Fri-El","og_description":"Ultima actualizare: 25 noiembrie 2020 Aceast\u0103 Politic\u0103 de confiden\u021bialitate descrie politicile \u0219i procedurile noastre privind colectarea, utilizarea \u0219i dezv\u0103luirea informa\u021biilor dvs. atunci c\u00e2nd utiliza\u021bi Serviciul \u0219i v\u0103 informeaz\u0103 despre drepturile dvs. de confiden\u021bialitate \u0219i despre modul \u00een care legea v\u0103 protejeaz\u0103. Folosim datele dvs. personale pentru a furniza \u0219i \u00eembun\u0103t\u0103\u021bi Serviciul. Prin utilizarea Serviciului, sunte\u021bi [&hellip;]","og_url":"https:\/\/www.fri-el.ro\/it\/politica-sulla-riservatezza\/","og_site_name":"Fri-El","article_modified_time":"2020-12-02T08:40:19+00:00","twitter_card":"summary_large_image","twitter_misc":{"Tempo di lettura stimato":"11 minuti"},"schema":{"@context":"https:\/\/schema.org","@graph":[{"@type":"WebPage","@id":"https:\/\/www.fri-el.ro\/it\/politica-sulla-riservatezza\/","url":"https:\/\/www.fri-el.ro\/it\/politica-sulla-riservatezza\/","name":"Politica sulla riservatezza - Fri-El","isPartOf":{"@id":"https:\/\/www.fri-el.ro\/#website"},"datePublished":"2020-10-16T06:49:21+00:00","dateModified":"2020-12-02T08:40:19+00:00","breadcrumb":{"@id":"https:\/\/www.fri-el.ro\/it\/politica-sulla-riservatezza\/#breadcrumb"},"inLanguage":"it-IT","potentialAction":[{"@type":"ReadAction","target":["https:\/\/www.fri-el.ro\/it\/politica-sulla-riservatezza\/"]}]},{"@type":"BreadcrumbList","@id":"https:\/\/www.fri-el.ro\/it\/politica-sulla-riservatezza\/#breadcrumb","itemListElement":[{"@type":"ListItem","position":1,"name":"Home","item":"https:\/\/www.fri-el.ro\/it\/"},{"@type":"ListItem","position":2,"name":"Politica sulla riservatezza"}]},{"@type":"WebSite","@id":"https:\/\/www.fri-el.ro\/#website","url":"https:\/\/www.fri-el.ro\/","name":"Fri-El","description":"Just another WordPress site","potentialAction":[{"@type":"SearchAction","target":{"@type":"EntryPoint","urlTemplate":"https:\/\/www.fri-el.ro\/?s={search_term_string}"},"query-input":"required name=search_term_string"}],"inLanguage":"it-IT"}]}},"_links":{"self":[{"href":"https:\/\/www.fri-el.ro\/it\/wp-json\/wp\/v2\/pages\/480"}],"collection":[{"href":"https:\/\/www.fri-el.ro\/it\/wp-json\/wp\/v2\/pages"}],"about":[{"href":"https:\/\/www.fri-el.ro\/it\/wp-json\/wp\/v2\/types\/page"}],"author":[{"embeddable":true,"href":"https:\/\/www.fri-el.ro\/it\/wp-json\/wp\/v2\/users\/1"}],"replies":[{"embeddable":true,"href":"https:\/\/www.fri-el.ro\/it\/wp-json\/wp\/v2\/comments?post=480"}],"version-history":[{"count":3,"href":"https:\/\/www.fri-el.ro\/it\/wp-json\/wp\/v2\/pages\/480\/revisions"}],"predecessor-version":[{"id":497,"href":"https:\/\/www.fri-el.ro\/it\/wp-json\/wp\/v2\/pages\/480\/revisions\/497"}],"wp:attachment":[{"href":"https:\/\/www.fri-el.ro\/it\/wp-json\/wp\/v2\/media?parent=480"}],"curies":[{"name":"wp","href":"https:\/\/api.w.org\/{rel}","templated":true}]}}